{"id":3,"date":"2025-10-14T21:41:23","date_gmt":"2025-10-14T19:41:23","guid":{"rendered":"https:\/\/lbmsolutions.es\/?page_id=3"},"modified":"2025-11-03T19:44:03","modified_gmt":"2025-11-03T18:44:03","slug":"politica-privacidad","status":"publish","type":"page","link":"https:\/\/lbmsolutions.es\/es\/politica-privacidad\/","title":{"rendered":"Pol\u00edtica de privacidad"},"content":{"rendered":"\t\t<div data-elementor-type=\"wp-page\" data-elementor-id=\"3\" class=\"elementor elementor-3\" data-elementor-post-type=\"page\">\n\t\t\t\t<div class=\"elementor-element elementor-element-ca47f6a e-flex e-con-boxed e-con e-parent\" data-id=\"ca47f6a\" data-element_type=\"container\" data-e-type=\"container\" data-settings=\"{&quot;background_background&quot;:&quot;classic&quot;}\">\n\t\t\t\t\t<div class=\"e-con-inner\">\n\t\t<div class=\"elementor-element elementor-element-20ccc83 e-con-full e-flex e-con e-child\" data-id=\"20ccc83\" data-element_type=\"container\" data-e-type=\"container\">\n\t\t\t\t<div class=\"elementor-element elementor-element-4962514 elementor-invisible elementor-widget elementor-widget-heading\" data-id=\"4962514\" data-element_type=\"widget\" data-e-type=\"widget\" data-settings=\"{&quot;_animation&quot;:&quot;fadeInUp&quot;}\" data-widget_type=\"heading.default\">\n\t\t\t\t\t<h1 class=\"elementor-heading-title elementor-size-default\">Pol\u00edtica de privacidad<\/h1>\t\t\t\t<\/div>\n\t\t\t\t<\/div>\n\t\t\t\t\t<\/div>\n\t\t\t\t<\/div>\n\t\t<div class=\"elementor-element elementor-element-4b52bbc e-flex e-con-boxed e-con e-parent\" data-id=\"4b52bbc\" data-element_type=\"container\" data-e-type=\"container\">\n\t\t\t\t\t<div class=\"e-con-inner\">\n\t\t\t\t<div class=\"elementor-element elementor-element-c0052fa elementor-widget elementor-widget-text-editor\" data-id=\"c0052fa\" data-element_type=\"widget\" data-e-type=\"widget\" data-widget_type=\"text-editor.default\">\n\t\t\t\t\t\t\t\t\t<p><strong>OBJETO<\/strong><\/p><p>\u00a0<\/p><p>El Responsable pone a disposici\u00f3n de los usuarios el presente documento con el que pretende dar cumplimiento de lo dispuesto por la normativa vigente en materia de protecci\u00f3n de datos, y en el contexto del nuevo marco normativo establecido en virtud de lo dispuesto en el Reglamento (UE) 2016\/679 del Parlamento Europeo y del Consejo, de 27 de abril de 2016, relativo a la protecci\u00f3n de las personas f\u00edsicas en lo que respecta al tratamiento de datos personales y a la libre circulaci\u00f3n de estos datos (en adelante, el \u201cRGPD\u201d), y la normativa nacional en materia de protecci\u00f3n de datos de car\u00e1cter personal, as\u00ed como informar a todos los usuarios del sitio web respecto a cu\u00e1les son las condiciones de uso del mismo.<\/p><p>\u00a0<\/p><p>Toda persona que acceda a este sitio web asume el papel de usuario, comprometi\u00e9ndose a la observancia y cumplimiento riguroso de las disposiciones aqu\u00ed dispuestas, as\u00ed como a cualquier otra disposici\u00f3n legal que fuera de aplicaci\u00f3n.<\/p><p>\u00a0<\/p><p>El Responsable se reserva el derecho a modificar cualquier tipo de informaci\u00f3n que pudiera aparecer en el sitio web, sin que exista obligaci\u00f3n de preavisar o poner en conocimiento de los usuarios dichas obligaciones, entendi\u00e9ndose como suficiente con la publicaci\u00f3n en el sitio web del Responsable.<\/p><p><strong>\u00a0<\/strong><\/p><p>\u00a0<\/p><p><strong>RESPONSABILIDAD<\/strong><\/p><p>\u00a0<\/p><p>El Responsable se exime de cualquier tipo de responsabilidad derivada de la informaci\u00f3n publicada en su sitio web, siempre que esta informaci\u00f3n haya sido manipulada o introducida por un tercero ajeno al mismo.<\/p><p>\u00a0<\/p><p>\u00a0<\/p><p><strong>DIRECCIONES IP<\/strong><\/p><p>\u00a0<\/p><p>Los servidores del sitio web podr\u00e1n detectar de manera autom\u00e1tica la direcci\u00f3n IP y el nombre de dominio utilizados por el usuario.<\/p><p>\u00a0<\/p><p>Una direcci\u00f3n IP es un n\u00famero asignado autom\u00e1ticamente a un ordenador cuando \u00e9ste se conecta a Internet. Toda esta informaci\u00f3n es registrada en un fichero de actividad del servidor, debidamente inscrito, que permite el posterior procesamiento de los datos con el fin de obtener mediciones \u00fanicamente estad\u00edsticas que permitan conocer el n\u00famero de impresiones de p\u00e1ginas, el n\u00famero de visitas realizadas a los servidores web, el orden de visitas, el punto de acceso, etc.<\/p><p><strong>\u00a0<\/strong><\/p><p>\u00a0<\/p><p><strong>POLITICA DE ENLACES<\/strong><\/p><p>\u00a0<\/p><p>Desde el presente sitio web es posible que se redirija a contenidos de terceros sitios web. Dado que El Responsable no puede controlar siempre los contenidos introducidos por los terceros en sus sitios web, \u00e9ste no asume ning\u00fan tipo de responsabilidad respecto a dichos contenidos. En todo caso, El Responsable manifiesta que proceder\u00e1 a la retirada inmediata de cualquier contenido que pudiera contravenir la legislaci\u00f3n nacional o internacional, la moral o el orden p\u00fablico, procediendo a la retirada inmediata de la redirecci\u00f3n a dicho sitio web, poniendo en conocimiento de las autoridades competentes el contenido en cuesti\u00f3n.<\/p><p>El Responsable no se hace responsable de la informaci\u00f3n y contenidos almacenados, a t\u00edtulo enunciativo pero no limitativo, en foros, chat\u00b4s, generadores de blogs, comentarios, redes sociales o cualquier otro medio que permita a terceros publicar contenidos de forma independiente en la p\u00e1gina web del Responsable. No obstante y en cumplimiento de lo dispuesto en el art. 11 y 16 de la LSSICE, El Responsable se pone a disposici\u00f3n de todos los usuarios, autoridades y fuerzas de seguridad, colaborando de forma activa en la retirada o en su caso bloqueo de todos aquellos contenidos que pudieran afectar o contravenir la legislaci\u00f3n nacional, o internacional, derechos de terceros o la moral y el orden p\u00fablico. En caso de que el usuario considere que existe en el sitio web alg\u00fan contenido que pudiera ser susceptible de esta clasificaci\u00f3n, se ruega lo notifique de forma inmediata al administrador del sitio web.<\/p><p>\u00a0<\/p><p>Este sitio web ha sido revisado y probado para que funcione correctamente. En principio, puede garantizarse el correcto funcionamiento los 365 d\u00edas del a\u00f1o, 24 horas al d\u00eda. No obstante, El Responsable no descarta la posibilidad de que existan ciertos errores de programaci\u00f3n, o que acontezcan causas de fuerza mayor, cat\u00e1strofes naturales, huelgas, o circunstancias semejantes que hagan imposible el acceso a la p\u00e1gina web.<\/p><p><strong>\u00a0<\/strong><\/p><p>\u00a0<\/p><p><strong>PROTECCI\u00d3N DE DATOS<\/strong><\/p><p>\u00a0<\/p><p>El Responsable se encuentra profundamente comprometido en el cumplimiento de lo dispuesto por la normativa vigente en materia de protecci\u00f3n de datos, y en el contexto del nuevo marco normativo establecido en virtud de lo dispuesto en el Reglamento (UE) 2016\/679 del Parlamento Europeo y del Consejo, de 27 de abril de 2016, relativo a la protecci\u00f3n de las personas f\u00edsicas en lo que respecta al tratamiento de datos personales y a la libre circulaci\u00f3n de estos datos (en adelante, el \u201cRGPD\u201d), y la normativa nacional en materia de protecci\u00f3n de datos de car\u00e1cter personal.<\/p><p>\u00a0<\/p><p>Asimismo, El Responsable informa que da cumplimiento a la Ley 34\/2002 de 11 de julio, de Servicios de la Sociedad de la Informaci\u00f3n y el Comercio Electr\u00f3nico y le solicitar\u00e1 su consentimiento al tratamiento de sus datos con fines comerciales en cada momento.<\/p><p><strong>\u00a0<\/strong><\/p><p>\u00a0<\/p><p><strong>PROPIEDAD INTELECTUAL E INDUSTRIAL<\/strong><\/p><p>\u00a0<\/p><p>El sitio web, incluyendo a t\u00edtulo enunciativo pero no limitativo su programaci\u00f3n, edici\u00f3n, compilaci\u00f3n y dem\u00e1s elementos necesarios para su funcionamiento, los dise\u00f1os, logotipos, texto y\/o gr\u00e1ficos son propiedad del Responsable o en su caso dispone de licencia o autorizaci\u00f3n expresa por parte de los autores.<\/p><p>Todos los contenidos del sitio web se encuentran debidamente protegidos por la normativa de propiedad intelectual e industrial.<\/p><p>Independientemente de la finalidad para la que fueran destinados, la reproducci\u00f3n total o parcial, uso, explotaci\u00f3n, distribuci\u00f3n y comercializaci\u00f3n, requiere en todo caso de la autorizaci\u00f3n escrita previa por parte del Responsable. Cualquier uso no autorizado previamente por parte del Responsable ser\u00e1 considerado un incumplimiento grave de los derechos de propiedad intelectual o industrial del autor.<\/p><p>Los dise\u00f1os, logotipos, texto y\/o gr\u00e1ficos ajenos al prestador y que pudieran aparecer en el sitio web, pertenecen a sus respectivos propietarios, siendo ellos mismos responsables de cualquier posible controversia que pudiera suscitarse respecto a los mismos. En todo caso, El Responsable cuenta con la autorizaci\u00f3n expresa y previa por parte de los mismos.<\/p><p>El Responsable autoriza expresamente a que terceros puedan redirigir directamente a los contenidos concretos del sitio web, debiendo en todo caso redirigir a la p\u00e1gina principal del sitio web del Responsable.<\/p><p>El Responsable reconoce a favor de sus titulares los correspondientes derechos de propiedad intelectual e industrial, no implicando su sola menci\u00f3n o aparici\u00f3n en el sitio web la existencia de derechos o responsabilidad alguna del Responsable sobre los mismos, como tampoco respaldo, patrocinio o recomendaci\u00f3n por su parte.<\/p><p>Para todas aquellas im\u00e1genes en las que el software de dise\u00f1o lo permite, se han incluido las referencias correspondientes a la autor\u00eda y licencia correspondiente.<\/p><p>Para realizar cualquier tipo de observaci\u00f3n respecto a posibles incumplimientos de los derechos de propiedad intelectual o industrial, as\u00ed como sobre cualquiera de los contenidos del sitio web, puede hacerlo a trav\u00e9s del siguiente correo electr\u00f3nico: info@lbmsolutions.es<\/p><p>\u00a0<\/p><p>\u00a0<\/p><p><strong>POL\u00cdTICA DE PRIVACIDAD<\/strong><\/p><p>\u00a0<\/p><p><strong>1.- Informaci\u00f3n al Usuario<\/strong><\/p><p>\u00a0<\/p><p><strong>&#8230;&#8230;&#8230;&#8230;&#8230;&#8230;&#8230;&#8230;&#8230;&#8230;&#8230;<\/strong>\u00a0informa a los usuarios del sitio web sobre su pol\u00edtica respecto del tratamiento y protecci\u00f3n de los datos de car\u00e1cter personal de los usuarios y clientes que puedan ser recabados por la navegaci\u00f3n a trav\u00e9s de su sitio web.<\/p><p>\u00a0<\/p><p><strong>&#8230;&#8230;&#8230;&#8230;&#8230;&#8230;&#8230;&#8230;&#8230;&#8230;&#8230;&#8230;<\/strong>\u00a0es el Responsable del tratamiento de los datos personales del Usuario, por lo que se le facilita la siguiente informaci\u00f3n referente al tratamiento de sus datos:<\/p><p>\u00a0<\/p><p><strong>Criterios de conservaci\u00f3n de los datos:<\/strong>\u00a0Los datos personales proporcionados se conservar\u00e1n hasta que no se solicite su suspensi\u00f3n por parte del interesado, ejerciendo sus derechos sobre los datos, y en cualquier caso en cumplimiento de plazos legales de prescripci\u00f3n que le resulten de aplicaci\u00f3n.<\/p><p>\u00a0<\/p><p><strong>Derechos de los interesados:<\/strong><\/p><ul><li>Derecho a retirar el consentimiento en cualquier momento.<\/li><li>Derecho de acceso, rectificaci\u00f3n, supresi\u00f3n, portabilidad de sus datos y a la limitaci\u00f3n u oposici\u00f3n de su tratamiento, as\u00ed como no ser objeto de decisiones individuales automatizadas.<\/li><\/ul><p>\u00a0<\/p><p>Datos de contacto para ejercer sus derechos:<\/p><p>\u00a0<\/p><p>Debe identificarse debidamente y solicitar claramente el derecho a ejercer.<\/p><p>\u00a0<\/p><ul><li><strong>Direcci\u00f3n postal: &#8230;&#8230;&#8230;&#8230;&#8230;&#8230;&#8230;&#8230;&#8230;<\/strong><\/li><li><strong>Direcci\u00f3n electr\u00f3nica: info@lbmsolutions.es<\/strong><\/li><\/ul><p>\u00a0<\/p><p><strong>2.- Informaci\u00f3n facilitada por el usuario<\/strong><\/p><p>\u00a0<\/p><p>Si eres menor de 18 a\u00f1os no est\u00e1 permitido el uso de formularios en nuestra web.<\/p><p>\u00a0<\/p><p>Los Usuarios, introduciendo sus datos en los formularios de contacto o presentados en formularios de descarga, aceptan expresamente y de forma libre e inequ\u00edvoca, que sus datos son necesarios para atender su petici\u00f3n, por parte del Responsable, siendo voluntaria la inclusi\u00f3n de datos en los campos restantes.<\/p><p>\u00a0<\/p><p>El Usuario garantiza que los datos personales facilitados son veraces y se hace responsable de comunicar cualquier modificaci\u00f3n de los mismos.<\/p><p>\u00a0<\/p><p>Todos los datos solicitados a trav\u00e9s del sitio web son necesarios para la prestaci\u00f3n de un servicio \u00f3ptimo al Usuario. En caso de que no sean facilitados todos los datos, no se garantiza que la informaci\u00f3n y servicios que El Responsable le facilite, sean completamente ajustados a sus necesidades.<\/p><p>\u00a0<\/p><p><strong>3.- Medidas de seguridad<\/strong><\/p><p>\u00a0<\/p><p>Que de conformidad con lo dispuesto en las normativas vigentes en materia de protecci\u00f3n de datos personales, El Responsable est\u00e1 cumpliendo con todas las disposiciones de las normativas RGPD y LOPD para el tratamiento de los datos personales de su responsabilidad, los cuales son tratados de manera l\u00edcita, leal y transparente en relaci\u00f3n con el interesado y adecuados, pertinentes y limitados a lo necesario en relaci\u00f3n con los fines para los que son tratados.<\/p><p>\u00a0<\/p><p>El Responsable garantiza que ha implementado pol\u00edticas t\u00e9cnicas y organizativas apropiadas para aplicar las medidas de seguridad que establecen el RGPD y la LOPD con el fin de proteger los derechos y libertades de los Usuarios y les ha comunicado la informaci\u00f3n adecuada para que puedan ejercerlos.<\/p><p>\u00a0<\/p><p><strong>4.- Brechas de Seguridad<\/strong><\/p><p>\u00a0<\/p><p>El Responsable\u00a0informar\u00e1 sobre cualquier brecha de seguridad que afecte a la base de datos que utiliza este sitio web, o que afecte a cualquiera de nuestros servicios de terceros, a todas y cada una de las personas, datos de los cuales puedan haber sido afectadas, y autoridades, dentro de las 72 horas siguientes a la detecci\u00f3n de la brecha.<\/p><p><strong>\u00a0<\/strong><\/p><p>\u00a0<\/p><p><strong>LEGISLACI\u00d3N APLICABLE Y JURISDICCI\u00d3N<\/strong><\/p><p>\u00a0<\/p><p>Para la resoluci\u00f3n de todas las controversias o cuestiones relacionadas con el presente sitio web o de las actividades en \u00e9l desarrolladas, ser\u00e1 de aplicaci\u00f3n la legislaci\u00f3n espa\u00f1ola, a la que se someten expresamente las partes, siendo competentes para la resoluci\u00f3n de todos los conflictos derivados o relacionados con su uso los Juzgados y Tribunales de Barcelona.<\/p>\t\t\t\t\t\t\t\t<\/div>\n\t\t\t\t\t<\/div>\n\t\t\t\t<\/div>\n\t\t\t\t<\/div>\n\t\t\n    <div class=\"xs_social_share_widget xs_share_url after_content \t\tmain_content  wslu-style-1 wslu-share-box-shaped wslu-fill-colored wslu-none wslu-share-horizontal wslu-theme-font-no wslu-main_content\">\n\n\t\t\n        <ul>\n\t\t\t        <\/ul>\n    <\/div> \n","protected":false},"excerpt":{"rendered":"<p>Pol\u00edtica de privacidad OBJETO \u00a0 El Responsable pone a disposici\u00f3n de los usuarios el presente documento con el que pretende dar cumplimiento de lo dispuesto por la normativa vigente en materia de protecci\u00f3n de datos, y en el contexto del nuevo marco normativo establecido en virtud de lo dispuesto en el Reglamento (UE) 2016\/679 del [&hellip;]<\/p>\n","protected":false},"author":1,"featured_media":0,"parent":0,"menu_order":0,"comment_status":"closed","ping_status":"open","template":"elementor_header_footer","meta":{"footnotes":""},"class_list":["post-3","page","type-page","status-publish","hentry"],"_links":{"self":[{"href":"https:\/\/lbmsolutions.es\/es\/wp-json\/wp\/v2\/pages\/3","targetHints":{"allow":["GET"]}}],"collection":[{"href":"https:\/\/lbmsolutions.es\/es\/wp-json\/wp\/v2\/pages"}],"about":[{"href":"https:\/\/lbmsolutions.es\/es\/wp-json\/wp\/v2\/types\/page"}],"author":[{"embeddable":true,"href":"https:\/\/lbmsolutions.es\/es\/wp-json\/wp\/v2\/users\/1"}],"replies":[{"embeddable":true,"href":"https:\/\/lbmsolutions.es\/es\/wp-json\/wp\/v2\/comments?post=3"}],"version-history":[{"count":4,"href":"https:\/\/lbmsolutions.es\/es\/wp-json\/wp\/v2\/pages\/3\/revisions"}],"predecessor-version":[{"id":534,"href":"https:\/\/lbmsolutions.es\/es\/wp-json\/wp\/v2\/pages\/3\/revisions\/534"}],"wp:attachment":[{"href":"https:\/\/lbmsolutions.es\/es\/wp-json\/wp\/v2\/media?parent=3"}],"curies":[{"name":"wp","href":"https:\/\/api.w.org\/{rel}","templated":true}]}}