{"id":476,"date":"2025-11-03T18:48:50","date_gmt":"2025-11-03T17:48:50","guid":{"rendered":"https:\/\/lbmsolutions.es\/?page_id=476"},"modified":"2025-11-03T20:24:20","modified_gmt":"2025-11-03T19:24:20","slug":"gestion-y-contratacion-de-artistas","status":"publish","type":"page","link":"https:\/\/lbmsolutions.es\/es\/soluciones\/gestion-y-contratacion-de-artistas\/","title":{"rendered":"Gesti\u00f3n y contrataci\u00f3n de artistas"},"content":{"rendered":"\t\t<div data-elementor-type=\"wp-page\" data-elementor-id=\"476\" class=\"elementor elementor-476\" data-elementor-post-type=\"page\">\n\t\t\t\t<div class=\"elementor-element elementor-element-15a584e e-flex e-con-boxed e-con e-parent\" data-id=\"15a584e\" data-element_type=\"container\" data-e-type=\"container\" data-settings=\"{&quot;background_background&quot;:&quot;classic&quot;}\">\n\t\t\t\t\t<div class=\"e-con-inner\">\n\t\t<div class=\"elementor-element elementor-element-1473170 e-con-full e-flex e-con e-child\" data-id=\"1473170\" data-element_type=\"container\" data-e-type=\"container\">\n\t\t\t\t<div class=\"elementor-element elementor-element-6df832d elementor-invisible elementor-widget elementor-widget-heading\" data-id=\"6df832d\" data-element_type=\"widget\" data-e-type=\"widget\" data-settings=\"{&quot;_animation&quot;:&quot;fadeInUp&quot;}\" data-widget_type=\"heading.default\">\n\t\t\t\t\t<h1 class=\"elementor-heading-title elementor-size-default\">Gesti\u00f3n y contrataci\u00f3n de artistas<\/h1>\t\t\t\t<\/div>\n\t\t\t\t<\/div>\n\t\t\t\t\t<\/div>\n\t\t\t\t<\/div>\n\t\t<div class=\"elementor-element elementor-element-4d46dae e-flex e-con-boxed e-con e-parent\" data-id=\"4d46dae\" data-element_type=\"container\" data-e-type=\"container\" data-settings=\"{&quot;background_background&quot;:&quot;classic&quot;}\">\n\t\t\t\t\t<div class=\"e-con-inner\">\n\t\t<div class=\"elementor-element elementor-element-5b50577 e-con-full e-flex e-con e-child\" data-id=\"5b50577\" data-element_type=\"container\" data-e-type=\"container\">\n\t\t\t\t<div class=\"elementor-element elementor-element-610d1ee elementor-widget elementor-widget-heading\" data-id=\"610d1ee\" data-element_type=\"widget\" data-e-type=\"widget\" data-widget_type=\"heading.default\">\n\t\t\t\t\t<h3 class=\"elementor-heading-title elementor-size-default\">Gesti\u00f3n y contrataci\u00f3n de artistas para eventos<\/h3>\t\t\t\t<\/div>\n\t\t\t\t<div class=\"elementor-element elementor-element-13925e5 elementor-widget__width-initial elementor-widget-mobile__width-inherit elementor-widget elementor-widget-text-editor\" data-id=\"13925e5\" data-element_type=\"widget\" data-e-type=\"widget\" data-widget_type=\"text-editor.default\">\n\t\t\t\t\t\t\t\t\t<p data-start=\"107\" data-end=\"317\">Tambi\u00e9n somos una empresa de gesti\u00f3n de artistas en Barcelona y Catalu\u00f1a. En <strong data-start=\"184\" data-end=\"191\">LBM<\/strong> contamos con una amplia red de DJ\u2019s, grupos de m\u00fasica y artistas de diversos estilos para adaptarnos a cada tipo de evento.<\/p><p data-start=\"107\" data-end=\"317\">\u00a0<\/p><p data-start=\"319\" data-end=\"344\">Nos encargamos de todo:<\/p><p data-start=\"347\" data-end=\"377\"><strong data-start=\"347\" data-end=\"375\">Contacto y contrataci\u00f3n.<\/strong><\/p><p data-start=\"380\" data-end=\"419\"><strong data-start=\"380\" data-end=\"417\">Coordinaci\u00f3n t\u00e9cnica y log\u00edstica.<\/strong><\/p><p data-start=\"380\" data-end=\"419\"><strong data-start=\"422\" data-end=\"453\">Integraci\u00f3n de la actuaci\u00f3n<\/strong> dentro de la producci\u00f3n del evento.<\/p><p data-start=\"493\" data-end=\"602\">\u00a0<\/p><p data-start=\"493\" data-end=\"602\">Con nosotros tienes al artista ideal para cada ocasi\u00f3n y la garant\u00eda de que todo saldr\u00e1 a la perfecci\u00f3n.<\/p>\t\t\t\t\t\t\t\t<\/div>\n\t\t\t\t<\/div>\n\t\t\t\t\t<\/div>\n\t\t\t\t<\/div>\n\t\t<div class=\"elementor-element elementor-element-b88f1b3 e-flex e-con-boxed e-con e-parent\" data-id=\"b88f1b3\" data-element_type=\"container\" data-e-type=\"container\">\n\t\t\t\t\t<div class=\"e-con-inner\">\n\t\t<div class=\"elementor-element elementor-element-ecd793e e-con-full e-flex e-con e-child\" data-id=\"ecd793e\" data-element_type=\"container\" data-e-type=\"container\">\n\t\t<div class=\"elementor-element elementor-element-82abe9a e-con-full e-flex elementor-invisible e-con e-child\" data-id=\"82abe9a\" data-element_type=\"container\" data-e-type=\"container\" data-settings=\"{&quot;background_background&quot;:&quot;classic&quot;,&quot;animation&quot;:&quot;fadeInRight&quot;}\">\n\t\t\t\t<div class=\"elementor-element elementor-element-4dfdbe4 elementor-widget elementor-widget-heading\" data-id=\"4dfdbe4\" data-element_type=\"widget\" data-e-type=\"widget\" data-widget_type=\"heading.default\">\n\t\t\t\t\t<h4 class=\"elementor-heading-title elementor-size-default\">Dale vida a tu visi\u00f3n con una producci\u00f3n experta<\/h4>\t\t\t\t<\/div>\n\t\t\t\t<div class=\"elementor-element elementor-element-6d68ab4 elementor-widget elementor-widget-text-editor\" data-id=\"6d68ab4\" data-element_type=\"widget\" data-e-type=\"widget\" data-widget_type=\"text-editor.default\">\n\t\t\t\t\t\t\t\t\t<p>Convertimos tus ideas en im\u00e1genes que comunican, inspiran y perduran. Da el primer paso hacia una producci\u00f3n que marque la diferencia.<\/p>\t\t\t\t\t\t\t\t<\/div>\n\t\t\t\t<div class=\"elementor-element elementor-element-6fc26c9 elementor-align-center elementor-widget elementor-widget-button\" data-id=\"6fc26c9\" data-element_type=\"widget\" data-e-type=\"widget\" data-widget_type=\"button.default\">\n\t\t\t\t\t\t\t\t\t\t<a class=\"elementor-button elementor-button-link elementor-size-sm\" href=\"\/contacto\/\">\n\t\t\t\t\t\t<span class=\"elementor-button-content-wrapper\">\n\t\t\t\t\t\t\t\t\t<span class=\"elementor-button-text\">Empezar nuevo proyecto<\/span>\n\t\t\t\t\t<\/span>\n\t\t\t\t\t<\/a>\n\t\t\t\t\t\t\t\t<\/div>\n\t\t\t\t<\/div>\n\t\t\t\t<\/div>\n\t\t\t\t\t<\/div>\n\t\t\t\t<\/div>\n\t\t\t\t<\/div>\n\t\t\n    <div class=\"xs_social_share_widget xs_share_url after_content \t\tmain_content  wslu-style-1 wslu-share-box-shaped wslu-fill-colored wslu-none wslu-share-horizontal wslu-theme-font-no wslu-main_content\">\n\n\t\t\n        <ul>\n\t\t\t        <\/ul>\n    <\/div> \n","protected":false},"excerpt":{"rendered":"<p>Gesti\u00f3n y contrataci\u00f3n de artistas Gesti\u00f3n y contrataci\u00f3n de artistas para eventos Tambi\u00e9n somos una empresa de gesti\u00f3n de artistas en Barcelona y Catalu\u00f1a. En LBM contamos con una amplia red de DJ\u2019s, grupos de m\u00fasica y artistas de diversos estilos para adaptarnos a cada tipo de evento. \u00a0 Nos encargamos de todo: Contacto y [&hellip;]<\/p>\n","protected":false},"author":1,"featured_media":0,"parent":179,"menu_order":0,"comment_status":"closed","ping_status":"closed","template":"elementor_header_footer","meta":{"footnotes":""},"class_list":["post-476","page","type-page","status-publish","hentry"],"_links":{"self":[{"href":"https:\/\/lbmsolutions.es\/es\/wp-json\/wp\/v2\/pages\/476","targetHints":{"allow":["GET"]}}],"collection":[{"href":"https:\/\/lbmsolutions.es\/es\/wp-json\/wp\/v2\/pages"}],"about":[{"href":"https:\/\/lbmsolutions.es\/es\/wp-json\/wp\/v2\/types\/page"}],"author":[{"embeddable":true,"href":"https:\/\/lbmsolutions.es\/es\/wp-json\/wp\/v2\/users\/1"}],"replies":[{"embeddable":true,"href":"https:\/\/lbmsolutions.es\/es\/wp-json\/wp\/v2\/comments?post=476"}],"version-history":[{"count":4,"href":"https:\/\/lbmsolutions.es\/es\/wp-json\/wp\/v2\/pages\/476\/revisions"}],"predecessor-version":[{"id":578,"href":"https:\/\/lbmsolutions.es\/es\/wp-json\/wp\/v2\/pages\/476\/revisions\/578"}],"up":[{"embeddable":true,"href":"https:\/\/lbmsolutions.es\/es\/wp-json\/wp\/v2\/pages\/179"}],"wp:attachment":[{"href":"https:\/\/lbmsolutions.es\/es\/wp-json\/wp\/v2\/media?parent=476"}],"curies":[{"name":"wp","href":"https:\/\/api.w.org\/{rel}","templated":true}]}}