{"id":492,"date":"2025-11-03T19:05:42","date_gmt":"2025-11-03T18:05:42","guid":{"rendered":"https:\/\/lbmsolutions.es\/?page_id=492"},"modified":"2025-11-03T19:50:46","modified_gmt":"2025-11-03T18:50:46","slug":"politica-de-cookies","status":"publish","type":"page","link":"https:\/\/lbmsolutions.es\/es\/politica-de-cookies\/","title":{"rendered":"Pol\u00edtica de cookies"},"content":{"rendered":"\t\t<div data-elementor-type=\"wp-page\" data-elementor-id=\"492\" class=\"elementor elementor-492\" data-elementor-post-type=\"page\">\n\t\t\t\t<div class=\"elementor-element elementor-element-1ee7b8c9 e-flex e-con-boxed e-con e-parent\" data-id=\"1ee7b8c9\" data-element_type=\"container\" data-e-type=\"container\" data-settings=\"{&quot;background_background&quot;:&quot;classic&quot;}\">\n\t\t\t\t\t<div class=\"e-con-inner\">\n\t\t<div class=\"elementor-element elementor-element-1c551f34 e-con-full e-flex e-con e-child\" data-id=\"1c551f34\" data-element_type=\"container\" data-e-type=\"container\">\n\t\t\t\t<div class=\"elementor-element elementor-element-5d4e4131 elementor-invisible elementor-widget elementor-widget-heading\" data-id=\"5d4e4131\" data-element_type=\"widget\" data-e-type=\"widget\" data-settings=\"{&quot;_animation&quot;:&quot;fadeInUp&quot;}\" data-widget_type=\"heading.default\">\n\t\t\t\t\t<h1 class=\"elementor-heading-title elementor-size-default\">Pol\u00edtica de cookies<\/h1>\t\t\t\t<\/div>\n\t\t\t\t<\/div>\n\t\t\t\t\t<\/div>\n\t\t\t\t<\/div>\n\t\t<div class=\"elementor-element elementor-element-b38fac5 e-flex e-con-boxed e-con e-parent\" data-id=\"b38fac5\" data-element_type=\"container\" data-e-type=\"container\">\n\t\t\t\t\t<div class=\"e-con-inner\">\n\t\t\t\t<div class=\"elementor-element elementor-element-ab0c0f0 elementor-widget elementor-widget-text-editor\" data-id=\"ab0c0f0\" data-element_type=\"widget\" data-e-type=\"widget\" data-widget_type=\"text-editor.default\">\n\t\t\t\t\t\t\t\t\t<h3>APARTADO 1<\/h3><p><strong>Pol\u00edtica de cookies<\/strong><\/p><p>\u00a0<\/p><p>Una\u00a0<em>cookie<\/em>\u00a0es un peque\u00f1o fichero de texto que se almacena en su navegador cuando visita casi cualquier p\u00e1gina web. Su utilidad es que la web sea capaz de recordar su visita cuando vuelva a navegar por esa p\u00e1gina.<\/p><p>\u00a0<\/p><p>Las\u00a0<em>cookies<\/em>\u00a0suelen almacenar informaci\u00f3n de car\u00e1cter t\u00e9cnico, preferencias personales, personalizaci\u00f3n de contenidos, estad\u00edsticas de uso, enlaces a redes sociales, acceso a cuentas de usuario, etc. El objetivo de la\u00a0<em>cookie<\/em>\u00a0es adaptar el contenido de la web a su perfil y necesidades, sin\u00a0<em>cookies<\/em>\u00a0los servicios ofrecidos por cualquier p\u00e1gina se ver\u00edan mermados notablemente. Si desea consultar m\u00e1s informaci\u00f3n sobre qu\u00e9 son las\u00a0<em>cookies<\/em>, qu\u00e9 almacenan, c\u00f3mo eliminarlas, desactivarlas, etc.,<strong>\u00a0<\/strong>(apartado 2)<\/p><p><strong>\u00a0<\/strong><\/p><p><strong>Cookies utilizadas en este sitio web<\/strong><\/p><p>\u00a0<\/p><p>Siguiendo las directrices de la Agencia Espa\u00f1ola de Protecci\u00f3n de Datos procedemos a detallar el uso de\u00a0<em>cookies<\/em>\u00a0que hace esta web con el fin de informarle con la m\u00e1xima exactitud posible.<\/p><p>\u00a0<\/p><p>Este sitio web utiliza las siguientes\u00a0<strong>cookies propias<\/strong>:<\/p><p>\u00a0<\/p><p>Cookies de sesi\u00f3n, para garantizar que los usuarios que escriban comentarios en el blog sean humanos y no aplicaciones automatizadas. De esta forma se combate el\u00a0<em>spam<\/em>.<\/p><p>\u00a0<\/p><p><img fetchpriority=\"high\" decoding=\"async\" class=\"aligncenter wp-image-23965 size-full\" src=\"https:\/\/lunadevs.es\/wp-content\/uploads\/2022\/07\/politica-de-cookies-1-3.jpg\" sizes=\"(max-width: 482px) 100vw, 482px\" srcset=\"https:\/\/lunadevs.es\/wp-content\/uploads\/2022\/07\/politica-de-cookies-1-3.jpg 482w, https:\/\/lunadevs.es\/wp-content\/uploads\/2022\/07\/politica-de-cookies-1-3-300x99.jpg 300w\" alt=\"\" width=\"482\" height=\"159\" \/><\/p><p>\u00a0<\/p><p>Este sitio web utiliza las siguientes\u00a0<strong>cookies de terceros<\/strong>:<\/p><p>\u00a0<\/p><p>Google Analytics: Almacena\u00a0<em>cookies<\/em>\u00a0para poder elaborar estad\u00edsticas sobre el tr\u00e1fico y volumen de visitas de esta web. Al utilizar este sitio web est\u00e1 consintiendo el tratamiento de informaci\u00f3n acerca de usted por Google. Por tanto, el ejercicio de cualquier derecho en este sentido deber\u00e1 hacerlo comunicando directamente con Google.<\/p><p>\u00a0<\/p><p>Redes sociales: Cada red social utiliza sus propias\u00a0<em>cookies<\/em>\u00a0para que usted pueda pinchar en botones del tipo\u00a0<em>Me gusta<\/em>\u00a0o\u00a0<em>Compartir<\/em>.<\/p><ul><li>YouTube<\/li><li>Twitter<\/li><li>Facebook<\/li><li>Instagram<\/li><\/ul><p>\u00a0<\/p><p>Asimismo es posible que al visitar alguna p\u00e1gina web o al abrir alg\u00fan email donde se publique alg\u00fan anuncio o alguna promoci\u00f3n sobre nuestros servicios o productos, se instale en su navegador alguna cookie que nos sirve para mostrarle posteriormente publicidad relacionada con la b\u00fasqueda que haya realizado, desarrollar un control de nuestros anuncios en relaci\u00f3n, por ejemplo, con el n\u00famero de veces que son vistos, donde aparecen, a qu\u00e9 hora se ven, etc\u2026<\/p><p><strong>\u00a0<\/strong><\/p><p><strong>Desactivaci\u00f3n o eliminaci\u00f3n de cookies<\/strong><\/p><p>\u00a0<\/p><p>En cualquier momento podr\u00e1 ejercer su derecho de desactivaci\u00f3n o eliminaci\u00f3n de cookies de este sitio web. Estas acciones se realizan de forma diferente en funci\u00f3n del navegador que est\u00e9 usando.\u00a0<strong><u>Aqu\u00ed le dejamos una gu\u00eda r\u00e1pida para los navegadores m\u00e1s populares.<\/u><\/strong><\/p><p>(apartado 3)<\/p><p>\u00a0<\/p><p><strong>Notas adicionales<\/strong><\/p><p>\u00a0<\/p><p>Ni esta web ni sus representantes legales se hacen responsables ni del contenido ni de la veracidad de las pol\u00edticas de privacidad que puedan tener los terceros mencionados en esta pol\u00edtica de\u00a0<em>cookies<\/em>.<\/p><p>\u00a0<\/p><p>Los navegadores web son las herramientas encargadas de almacenar las\u00a0<em>cookies<\/em>\u00a0y desde este lugar debe efectuar su derecho a eliminaci\u00f3n o desactivaci\u00f3n de las mismas. Ni esta web ni sus representantes legales pueden garantizar la correcta o incorrecta manipulaci\u00f3n de las\u00a0<em>cookies<\/em>\u00a0por parte de los mencionados navegadores.<\/p><p>\u00a0<\/p><p>En algunos casos es necesario instalar\u00a0<em>cookies<\/em>\u00a0para que el navegador no olvide su decisi\u00f3n de no aceptaci\u00f3n de las mismas.<\/p><p>\u00a0<\/p><p>En el caso de las\u00a0<em>cookies<\/em>\u00a0de Google Analytics, esta empresa almacena las\u00a0<em>cookies<\/em>\u00a0en servidores ubicados en Estados Unidos y se compromete a no compartirla con terceros, excepto en los casos en los que sea necesario para el funcionamiento del sistema o cuando la ley obligue a tal efecto. Google Inc. es una compa\u00f1\u00eda que cumple el\u00a0<a href=\"https:\/\/www.privacyshield.gov\/list\">Escudo de la privacidad<\/a>,\u00a0 que garantiza que todos los datos transferidos ser\u00e1n tratados con un nivel de protecci\u00f3n acorde a la normativa europea. Puede consultar informaci\u00f3n detallada a este respecto en\u00a0<a href=\"https:\/\/www.privacyshield.gov\/welcome\"><strong><u>este enlace<\/u><\/strong><\/a>\u00a0<strong>(1)<\/strong>. Si desea informaci\u00f3n sobre el uso que Google Analytics da a las cookies\u00a0<a href=\"https:\/\/developers.google.com\/analytics\/devguides\/collection\/analyticsjs\/cookie-usage?hl=es&amp;csw=1\">le adjuntamos\u00a0<strong><u>este otro enlace<\/u><\/strong><\/a>\u00a0<strong>(2)<\/strong><\/p><p>\u00a0<\/p><p>Para cualquier duda o consulta acerca de esta pol\u00edtica de\u00a0<em>cookies<\/em>\u00a0no dude en comunicarse con nosotros a trav\u00e9s de la secci\u00f3n de contacto.<\/p><p>\u00a0<\/p><p>\u00a0<\/p><h3>APARTADO 2<\/h3><p><strong>M\u00e1s informaci\u00f3n sobre las cookies<\/strong><\/p><p>\u00a0<\/p><p><strong>\u00bfQu\u00e9 es una cookie?<\/strong><\/p><p>Una\u00a0<em>cookie<\/em>\u00a0es un fichero de texto inofensivo que se almacena en su navegador cuando visita casi cualquier p\u00e1gina web. La utilidad de la\u00a0<em>cookie<\/em>\u00a0es que la web sea capaz de recordar su visita cuando vuelva a navegar por esa p\u00e1gina. Aunque mucha gente no lo sabe las\u00a0<em>cookies<\/em>\u00a0se llevan utilizando desde hace 20 a\u00f1os, cuando aparecieron los primeros navegadores para la World Wide Web.<\/p><p>\u00a0<\/p><p><strong>\u00bfQu\u00e9 NO ES una cookie?<\/strong><\/p><p>No es un virus, ni un troyano, ni un gusano, ni spam, ni spyware, ni abre ventanas pop-up.<\/p><p>\u00a0<\/p><p><strong>\u00bfQu\u00e9 informaci\u00f3n almacena una\u00a0<em>cookie<\/em>?<\/strong><\/p><p>Las\u00a0<em>cookies<\/em>\u00a0no suelen almacenar informaci\u00f3n sensible sobre usted, como tarjetas de cr\u00e9dito o datos bancarios, fotograf\u00edas, su DNI o informaci\u00f3n personal, etc. Los datos que guardan son de car\u00e1cter t\u00e9cnico, preferencias personales, personalizaci\u00f3n de contenidos, etc.<\/p><p>\u00a0<\/p><p>El servidor web no le asocia a usted como persona si no a su navegador web. De hecho, si usted navega habitualmente con Internet Explorer y prueba a navegar por la misma web con Firefox o Chrome ver\u00e1 que la web no se da cuenta que es usted la misma persona porque en realidad est\u00e1 asociando al navegador, no a la persona.<\/p><p>\u00a0<\/p><p><strong>\u00bfQu\u00e9 tipo de\u00a0<em>cookies<\/em>\u00a0existen?<\/strong><\/p><p><em>Cookies<\/em>\u00a0t\u00e9cnicas: Son las m\u00e1s elementales y permiten, entre otras cosas, saber cu\u00e1ndo est\u00e1 navegando un humano o una aplicaci\u00f3n automatizada, cu\u00e1ndo navega un usuario an\u00f3nimo y uno registrado, tareas b\u00e1sicas para el funcionamiento de cualquier web din\u00e1mica.<\/p><p>\u00a0<\/p><p><em>Cookies<\/em>\u00a0de an\u00e1lisis: Recogen informaci\u00f3n sobre el tipo de navegaci\u00f3n que est\u00e1 realizando, las secciones que m\u00e1s utiliza, productos consultados, franja horaria de uso, idioma, etc.<\/p><p>\u00a0<\/p><p><em>Cookies<\/em>\u00a0publicitarias: Muestran publicidad en funci\u00f3n de su navegaci\u00f3n, su pa\u00eds de procedencia, idioma, etc.<\/p><p><strong>\u00a0<\/strong><\/p><p><strong>\u00bfQu\u00e9 son las\u00a0<em>cookies<\/em>\u00a0propias y las de terceros?<\/strong><\/p><p>Las\u00a0<em>cookies propias<\/em>\u00a0son generadas por la p\u00e1gina que est\u00e1 visitando y las\u00a0<em>de terceros<\/em>\u00a0son las generadas por servicios o proveedores externos como Facebook, Twitter, Google, etc.<\/p><p>\u00a0<\/p><p><strong>\u00bfQu\u00e9 ocurre si desactivo las\u00a0<em>cookies<\/em>?<\/strong><\/p><p>Para que entienda el alcance que puede tener desactivar las\u00a0<em>cookies<\/em>\u00a0le mostramos unos ejemplos:<\/p><p>\u00a0<\/p><p>No podr\u00e1 compartir contenidos de esa web en Facebook, Twitter o cualquier otra red social.<\/p><p>\u00a0<\/p><p>El sitio web no podr\u00e1 adaptar los contenidos a sus preferencias personales, como suele ocurrir en las tiendas online.<\/p><p>\u00a0<\/p><p>No podr\u00e1 acceder al \u00e1rea personal de esa web, como por ejemplo\u00a0<em>Mi cuenta<\/em>, o\u00a0<em>Mi perfil<\/em>\u00a0o\u00a0<em>Mis pedidos<\/em>.<\/p><p>\u00a0<\/p><p>Tiendas online: Le ser\u00e1 imposible realizar compras online, tendr\u00e1n que ser telef\u00f3nicas o visitando la tienda f\u00edsica si es que dispone de ella.<\/p><p>\u00a0<\/p><p>No ser\u00e1 posible personalizar sus preferencias geogr\u00e1ficas como franja horaria, divisa o idioma.<\/p><p>\u00a0<\/p><p>El sitio web no podr\u00e1 realizar anal\u00edticas web sobre visitantes y tr\u00e1fico en la web, lo que dificultar\u00e1 que la web sea competitiva.<\/p><p>\u00a0<\/p><p>No podr\u00e1 escribir en el blog, no podr\u00e1 subir fotos, publicar comentarios, valorar o puntuar contenidos. La web tampoco podr\u00e1 saber si usted es un humano o una aplicaci\u00f3n automatizada que publica\u00a0<em>spam<\/em>.<\/p><p>\u00a0<\/p><p>No se podr\u00e1 mostrar publicidad sectorizada, lo que reducir\u00e1 los ingresos publicitarios de la web.<\/p><p>\u00a0<\/p><p>Todas las redes sociales usan\u00a0<em>cookies<\/em>, si las desactiva no podr\u00e1 utilizar ninguna red social.<\/p><p>\u00a0<\/p><p>\u00a0<\/p><p><strong>\u00bfSe pueden eliminar las\u00a0<em>cookies<\/em>?<\/strong><\/p><p>S\u00ed. No s\u00f3lo eliminar, tambi\u00e9n bloquear, de forma general o particular para un dominio espec\u00edfico.<\/p><p>\u00a0<\/p><p>Para eliminar las\u00a0<em>cookies<\/em>\u00a0de un sitio web debe ir a la configuraci\u00f3n de su navegador y all\u00ed podr\u00e1 buscar las asociadas al dominio en cuesti\u00f3n y proceder a su eliminaci\u00f3n.<\/p><p>\u00a0<\/p><p>\u00a0<\/p><h3>APARTADO 3<\/h3><p><strong>Configuraci\u00f3n de cookies para los navegadores m\u00e1s populares<\/strong><\/p><p>\u00a0<\/p><p>A continuaci\u00f3n le indicamos c\u00f3mo acceder a una\u00a0<em>cookie<\/em>\u00a0determinada del navegador\u00a0<strong>Chrome<\/strong>. Nota: estos pasos pueden variar en funci\u00f3n de la versi\u00f3n del navegador:<\/p><p>\u00a0<\/p><p>Vaya a Configuraci\u00f3n o Preferencias mediante el men\u00fa Archivo o bien pinchando el icono de personalizaci\u00f3n que aparece arriba a la derecha.<\/p><p>\u00a0<\/p><p>Ver\u00e1 diferentes secciones, pinche la opci\u00f3n\u00a0<em>Mostrar opciones avanzadas<\/em>.<\/p><p>\u00a0<\/p><p>Vaya a <em>Privacidad<\/em>,\u00a0<em>Configuraci\u00f3n de contenido<\/em>.<\/p><p>\u00a0<\/p><p>Seleccione\u00a0<em>Todas las cookies y los datos de sitios<\/em>.<\/p><p>\u00a0<\/p><p>Aparecer\u00e1 un listado con todas las\u00a0<em>cookies<\/em>\u00a0ordenadas por dominio. Para que le sea m\u00e1s f\u00e1cil encontrar las\u00a0<em>cookies<\/em>\u00a0de un determinado dominio introduzca parcial o totalmente la direcci\u00f3n en el campo\u00a0<em>Buscar cookies<\/em>.<\/p><p>\u00a0<\/p><p>Tras realizar este filtro aparecer\u00e1n en pantalla una o varias l\u00edneas con las\u00a0<em>cookies<\/em>\u00a0de la web solicitada. Ahora s\u00f3lo tiene que seleccionarla y pulsar la\u00a0<em>X<\/em>\u00a0para proceder a su eliminaci\u00f3n.<\/p><p>\u00a0<\/p><p>\u00a0<\/p><p>Para acceder a la configuraci\u00f3n de\u00a0<em>cookies<\/em>\u00a0del navegador\u00a0<strong>Internet Explorer<\/strong>\u00a0siga estos pasos (pueden variar en funci\u00f3n de la versi\u00f3n del navegador):<\/p><p>\u00a0<\/p><p>Vaya a\u00a0<em>Herramientas<\/em>,\u00a0<em>Opciones de Internet<\/em><\/p><p>\u00a0<\/p><p>Haga click en\u00a0<em>Privacidad<\/em>.<\/p><p>\u00a0<\/p><p>Mueva el deslizador hasta ajustar el nivel de privacidad que desee.<\/p><p>\u00a0<\/p><p>\u00a0<\/p><p>Para acceder a la configuraci\u00f3n de\u00a0<em>cookies<\/em>\u00a0del navegador\u00a0<strong>Firefox\u00a0<\/strong>siga estos pasos (pueden variar en funci\u00f3n de la versi\u00f3n del navegador):<\/p><p>\u00a0<\/p><p>Vaya a\u00a0<em>Opciones<\/em>\u00a0o\u00a0<em>Preferencias<\/em>\u00a0seg\u00fan su sistema operativo.<\/p><p>\u00a0<\/p><p>Haga click en\u00a0<em>Privacidad<\/em>.<\/p><p>\u00a0<\/p><p>En\u00a0<em>Historial<\/em>\u00a0elija\u00a0<em>Usar una configuraci\u00f3n personalizada para el historial<\/em>.<\/p><p>\u00a0<\/p><p>Ahora ver\u00e1 la opci\u00f3n\u00a0<em>Aceptar cookies<\/em>, puede activarla o desactivarla seg\u00fan sus preferencias.<\/p><p>\u00a0<\/p><p>\u00a0<\/p><p>Para acceder a la configuraci\u00f3n de\u00a0<em>cookies<\/em>\u00a0del navegador\u00a0<strong>Safari para OSX<\/strong>\u00a0siga estos pasos (pueden variar en funci\u00f3n de la versi\u00f3n del navegador):<\/p><p>\u00a0<\/p><p>Vaya a\u00a0<em>Preferencias<\/em>, luego\u00a0<em>Privacidad<\/em>.<\/p><p>\u00a0<\/p><p>En este lugar ver\u00e1 la opci\u00f3n\u00a0<em>Bloquear cookies<\/em>\u00a0para que ajuste el tipo de bloqueo que desea realizar.<\/p><p>\u00a0<\/p><p>\u00a0<\/p><p>Para acceder a la configuraci\u00f3n de\u00a0<em>cookies<\/em>\u00a0del navegador\u00a0<strong>Safari para iOS<\/strong>\u00a0siga estos pasos (pueden variar en funci\u00f3n de la versi\u00f3n del navegador):<\/p><p>\u00a0<\/p><p>Vaya a\u00a0<em>Ajustes<\/em>, luego\u00a0<em>Safari<\/em>.<\/p><p>\u00a0<\/p><p>Vaya a\u00a0<em>Privacidad y Seguridad<\/em>, ver\u00e1 la opci\u00f3n\u00a0<em>Bloquear cookies<\/em>\u00a0para que ajuste el tipo de bloqueo que desea realizar.<\/p><p>\u00a0<\/p><p>\u00a0<\/p><p>Para acceder a la configuraci\u00f3n de\u00a0<em>cookies<\/em>\u00a0del navegador para dispositivos\u00a0<strong>Android<\/strong>\u00a0siga estos pasos (pueden variar en funci\u00f3n de la versi\u00f3n del navegador):<\/p><p>\u00a0<\/p><p>Ejecute el navegador y pulse la tecla\u00a0<em>Men\u00fa<\/em>, luego\u00a0<em>Ajustes<\/em>.<\/p><p>\u00a0<\/p><p>Vaya a\u00a0<em>Seguridad y Privacidad<\/em>, ver\u00e1 la opci\u00f3n\u00a0<em>Aceptar cookies<\/em>\u00a0para que active o desactive la casilla.<\/p><p>\u00a0<\/p><p>\u00a0<\/p><p>Para acceder a la configuraci\u00f3n de\u00a0<em>cookies<\/em>\u00a0del navegador para dispositivos\u00a0<strong>Windows Phone\u00a0<\/strong>siga estos pasos (pueden variar en funci\u00f3n de la versi\u00f3n del navegador):<\/p><p>\u00a0<\/p><p>Abra\u00a0<em>Internet Explorer<\/em>, luego\u00a0<em>M\u00e1s<\/em>, luego\u00a0<em>Configuraci\u00f3n<\/em><\/p><p>\u00a0<\/p><p>Ahora puede activar o desactivar la casilla\u00a0<em>Permitir cookies<\/em>.<\/p>\t\t\t\t\t\t\t\t<\/div>\n\t\t\t\t\t<\/div>\n\t\t\t\t<\/div>\n\t\t\t\t<\/div>\n\t\t\n    <div class=\"xs_social_share_widget xs_share_url after_content \t\tmain_content  wslu-style-1 wslu-share-box-shaped wslu-fill-colored wslu-none wslu-share-horizontal wslu-theme-font-no wslu-main_content\">\n\n\t\t\n        <ul>\n\t\t\t        <\/ul>\n    <\/div> \n","protected":false},"excerpt":{"rendered":"<p>Pol\u00edtica de cookies APARTADO 1 Pol\u00edtica de cookies \u00a0 Una\u00a0cookie\u00a0es un peque\u00f1o fichero de texto que se almacena en su navegador cuando visita casi cualquier p\u00e1gina web. Su utilidad es que la web sea capaz de recordar su visita cuando vuelva a navegar por esa p\u00e1gina. \u00a0 Las\u00a0cookies\u00a0suelen almacenar informaci\u00f3n de car\u00e1cter t\u00e9cnico, preferencias personales, [&hellip;]<\/p>\n","protected":false},"author":1,"featured_media":0,"parent":0,"menu_order":0,"comment_status":"closed","ping_status":"closed","template":"elementor_header_footer","meta":{"footnotes":""},"class_list":["post-492","page","type-page","status-publish","hentry"],"_links":{"self":[{"href":"https:\/\/lbmsolutions.es\/es\/wp-json\/wp\/v2\/pages\/492","targetHints":{"allow":["GET"]}}],"collection":[{"href":"https:\/\/lbmsolutions.es\/es\/wp-json\/wp\/v2\/pages"}],"about":[{"href":"https:\/\/lbmsolutions.es\/es\/wp-json\/wp\/v2\/types\/page"}],"author":[{"embeddable":true,"href":"https:\/\/lbmsolutions.es\/es\/wp-json\/wp\/v2\/users\/1"}],"replies":[{"embeddable":true,"href":"https:\/\/lbmsolutions.es\/es\/wp-json\/wp\/v2\/comments?post=492"}],"version-history":[{"count":10,"href":"https:\/\/lbmsolutions.es\/es\/wp-json\/wp\/v2\/pages\/492\/revisions"}],"predecessor-version":[{"id":540,"href":"https:\/\/lbmsolutions.es\/es\/wp-json\/wp\/v2\/pages\/492\/revisions\/540"}],"wp:attachment":[{"href":"https:\/\/lbmsolutions.es\/es\/wp-json\/wp\/v2\/media?parent=492"}],"curies":[{"name":"wp","href":"https:\/\/api.w.org\/{rel}","templated":true}]}}